{"id":570,"date":"2021-11-24T11:28:25","date_gmt":"2021-11-24T11:28:25","guid":{"rendered":"https:\/\/miboozwp.pixydrops.com\/?page_id=27"},"modified":"2025-01-29T10:11:59","modified_gmt":"2025-01-29T10:11:59","slug":"kurucu","status":"publish","type":"page","link":"http:\/\/analizkurs.analizegitimkurumlari.com.tr\/index.php\/kurucu\/","title":{"rendered":"kurucu"},"content":{"rendered":"\t\t<div data-elementor-type=\"wp-page\" data-elementor-id=\"570\" class=\"elementor elementor-570\">\n\t\t\t\t\t\t<section class=\"elementor-section elementor-top-section elementor-element elementor-element-bb7964a elementor-section-full_width elementor-section-height-default elementor-section-height-default\" data-id=\"bb7964a\" data-element_type=\"section\" data-e-type=\"section\">\n\t\t\t\t\t\t<div class=\"elementor-container elementor-column-gap-no\">\n\t\t\t\t\t<div class=\"elementor-column elementor-col-100 elementor-top-column elementor-element elementor-element-7273b76\" data-id=\"7273b76\" data-element_type=\"column\" data-e-type=\"column\">\n\t\t\t<div class=\"elementor-widget-wrap elementor-element-populated\">\n\t\t\t\t\t\t<div class=\"elementor-element elementor-element-63e3af5 elementor-widget elementor-widget-mibooz-about\" data-id=\"63e3af5\" data-element_type=\"widget\" data-e-type=\"widget\" data-widget_type=\"mibooz-about.default\">\n\t\t\t\t<div class=\"elementor-widget-container\">\n\t\t\t\t\t\t<section class=\"welcome-three\">\r\n\t\t<div class=\"container\">\r\n\t\t\t<div class=\"row\">\r\n\t\t\t\t<div class=\"col-xl-6\">\r\n\t\t\t\t\t<div class=\"welcome-three__left\">\r\n\t\t\t\t\t\t\t\t\t\t\t\t\t<div class=\"section-title text-left\">\r\n\t\t\t\t\t\t\t\t\t\t\t\t\t\t\t\t\t<span class=\"section-title__tagline\">Kurucular\u0131m\u0131z\u0131n Mesaj\u0131<\/span>\r\n\t\t\t\t\t\t\t\t\t\t\t\t\t\t\t\t\t\t\t\t\t\t\t\t\t<h2 class=\"section-title__title\">De\u011ferli Veliler ve Sevgili \u00d6\u011frenciler,<\/h2>\r\n\t\t\t\t\t\t\t\t\t\t\t\t\t\t\t<\/div>\r\n\t\t\t\t\t\t\t\t\t\t\t\t\t\t\t\t\t\t\t<p class=\"welcome-three__text\">Konya Analiz Kurs ailesi olarak, her bir \u00f6\u011frencimizi birey olma bilinciyle, milli ve manevi de\u011ferleri y\u00fcksek, bilimin yol g\u00f6stericili\u011fine inanan ve geli\u015fen d\u00fcnyada etkin bireyler olarak yeti\u015ftirmek i\u00e7in bu yola \u00e7\u0131kt\u0131k. Her ge\u00e7en g\u00fcn, \u00f6\u011frencilerimizin daha donan\u0131ml\u0131 hale gelmesi ve her g\u00fcn\u00fcn bir \u00f6ncekinden daha faydal\u0131 ge\u00e7mesi i\u00e7in \u00e7aba sarf ediyoruz. <br>\n\nBu d\u00fcnyada sahip oldu\u011fumuz en k\u0131ymetli de\u011fer \u00e7ocuklar\u0131m\u0131zd\u0131r. Bu bilinci, her \u00f6\u011frencimizin e\u011fitimine yans\u0131tarak, onlar\u0131 kendine g\u00fcvenen, ara\u015ft\u0131rmac\u0131, sosyal sorumluluk ta\u015f\u0131yan ve \u00f6zg\u00fcn bireyler olarak yeti\u015ftiriyoruz. E\u011fitim Ciddi Kurumlar\u0131n \u0130\u015fidir diyerek, disiplin, d\u00fczen ve istikrar anlay\u0131\u015f\u0131n\u0131 okulun temel felsefesi olarak kabul ediyoruz. <br>\n\nAkademik ba\u015far\u0131n\u0131n yan\u0131 s\u0131ra, \u00f6\u011frencilerimizin sportif ve k\u00fclt\u00fcrel geli\u015fimlerini de destekliyor, onlar\u0131 daha g\u00fc\u00e7l\u00fc, sa\u011fl\u0131kl\u0131 ve sosyal becerileri y\u00fcksek bireyler olarak yeti\u015ftirmeye \u00e7al\u0131\u015f\u0131yoruz. Her bir \u00f6\u011frencimizin, geli\u015fimine katk\u0131 sa\u011flamak, \u00f6zel ve de\u011ferli bir birey olduklar\u0131n\u0131 hissettirmek, bizim i\u00e7in b\u00fcy\u00fck bir sorumluluktur. \n<br>\nKonya Analiz Kurs, e\u011fitimin en temel ta\u015flar\u0131n\u0131 olu\u015fturan disiplin, d\u00fczen ve istikrar ile ara\u015ft\u0131rmac\u0131, \u00f6nc\u00fc ve kendine g\u00fcvenen bireyler yeti\u015ftirmeyi g\u00f6rev edinmi\u015ftir. \n<br>\nSayg\u0131lar\u0131mla, \n<br>\ny\u00f6netim kurulu ba\u015fkan\u0131 <br>\nderya emre <\/p>\r\n\t\t\t\t\t\t\t\t\t\t\t\t\t\t\t\t\t\t\t<div class=\"welcome-three__features\">\r\n\t\t\t\t\t\t\t\t<ul class=\"list-unstyled welcome-three__features-box ml-0\">\r\n\t\t\t\t\t\t\t\t\t\t\t\t\t\t\t\t\t<\/ul>\r\n\t\t\t\t\t\t\t<\/div>\r\n\t\t\t\t\t\t\t\t\t\t\t\t\t\t\t\t\t<\/div>\r\n\t\t\t\t<\/div>\r\n\t\t\t\t<div class=\"col-xl-6\">\r\n\t\t\t\t\t<div class=\"welcome-three__right\">\r\n\t\t\t\t\t\t<div class=\"welcome-three__img-box wow slideInRight\" data-wow-delay=\"100ms\"\r\n\t\t\t\t\t\t\tdata-wow-duration=\"2500ms\">\r\n\t\t\t\t\t\t\t\t\t\t\t\t\t\t\t<div class=\"welcome-three-img\">\r\n\t\t\t\t\t\t\t\t\t<img decoding=\"async\" src=\"http:\/\/analizkurs.analizegitimkurumlari.com.tr\/wp-content\/uploads\/2025\/01\/Analizyonetici.jpg\" alt=\"\">\r\n\t\t\t\t\t\t\t\t<\/div>\r\n\t\t\t\t\t\t\t\t\t\t\t\t\t\t\t\t\t\t\t\t<\/div>\r\n\t\t\t\t\t<\/div>\r\n\t\t\t\t<\/div>\r\n\t\t\t<\/div>\r\n\t\t<\/div>\r\n\t<\/section>\r\n\t\t\t\t<\/div>\n\t\t\t\t<\/div>\n\t\t\t\t\t<\/div>\n\t\t<\/div>\n\t\t\t\t\t<\/div>\n\t\t<\/section>\n\t\t\t\t<\/div>\n\t\t","protected":false},"excerpt":{"rendered":"<p>Kurucular\u0131m\u0131z\u0131n Mesaj\u0131 De\u011ferli Veliler ve Sevgili \u00d6\u011frenciler, Konya Analiz Kurs ailesi olarak, her bir \u00f6\u011frencimizi birey olma bilinciyle, milli ve manevi de\u011ferleri y\u00fcksek, bilimin yol g\u00f6stericili\u011fine inanan ve geli\u015fen d\u00fcnyada etkin bireyler olarak yeti\u015ftirmek i\u00e7in bu yola \u00e7\u0131kt\u0131k. Her ge\u00e7en g\u00fcn, \u00f6\u011frencilerimizin daha donan\u0131ml\u0131 hale gelmesi ve her g\u00fcn\u00fcn bir \u00f6ncekinden daha faydal\u0131 ge\u00e7mesi i\u00e7in [&hellip;]<\/p>\n","protected":false},"author":1,"featured_media":0,"parent":0,"menu_order":0,"comment_status":"closed","ping_status":"closed","template":"elementor_header_footer","meta":{"_monsterinsights_skip_tracking":false,"_monsterinsights_sitenote_active":false,"_monsterinsights_sitenote_note":"","_monsterinsights_sitenote_category":0,"footnotes":""},"class_list":["post-570","page","type-page","status-publish","hentry"],"aioseo_notices":[],"_links":{"self":[{"href":"http:\/\/analizkurs.analizegitimkurumlari.com.tr\/index.php\/wp-json\/wp\/v2\/pages\/570","targetHints":{"allow":["GET"]}}],"collection":[{"href":"http:\/\/analizkurs.analizegitimkurumlari.com.tr\/index.php\/wp-json\/wp\/v2\/pages"}],"about":[{"href":"http:\/\/analizkurs.analizegitimkurumlari.com.tr\/index.php\/wp-json\/wp\/v2\/types\/page"}],"author":[{"embeddable":true,"href":"http:\/\/analizkurs.analizegitimkurumlari.com.tr\/index.php\/wp-json\/wp\/v2\/users\/1"}],"replies":[{"embeddable":true,"href":"http:\/\/analizkurs.analizegitimkurumlari.com.tr\/index.php\/wp-json\/wp\/v2\/comments?post=570"}],"version-history":[{"count":9,"href":"http:\/\/analizkurs.analizegitimkurumlari.com.tr\/index.php\/wp-json\/wp\/v2\/pages\/570\/revisions"}],"predecessor-version":[{"id":2710,"href":"http:\/\/analizkurs.analizegitimkurumlari.com.tr\/index.php\/wp-json\/wp\/v2\/pages\/570\/revisions\/2710"}],"wp:attachment":[{"href":"http:\/\/analizkurs.analizegitimkurumlari.com.tr\/index.php\/wp-json\/wp\/v2\/media?parent=570"}],"curies":[{"name":"wp","href":"https:\/\/api.w.org\/{rel}","templated":true}]}}